{"id":7134,"date":"2025-11-12T11:27:08","date_gmt":"2025-11-12T10:27:08","guid":{"rendered":"https:\/\/clifton-gaskamine.de\/?post_type=product&#038;p=7134"},"modified":"2026-01-18T09:13:43","modified_gmt":"2026-01-18T08:13:43","slug":"thermoelement-inklusive-starterflamme-und-zuender-35cm","status":"publish","type":"product","link":"https:\/\/clifton-gaskamine.de\/en\/shop\/thermoelement-inklusive-starterflamme-und-zuender-35cm\/","title":{"rendered":"Thermoelement inklusive Starterflamme und Z\u00fcnder 35cm"},"content":{"rendered":"<p><img loading=\"lazy\" decoding=\"async\" class=\"alignnone size-medium wp-image-7139\" src=\"https:\/\/clifton-gaskamine.de\/wp-content\/uploads\/2025\/11\/Holland-169x300.jpg\" alt=\"\" width=\"169\" height=\"300\" srcset=\"https:\/\/clifton-gaskamine.de\/wp-content\/uploads\/2025\/11\/Holland-169x300.jpg 169w, https:\/\/clifton-gaskamine.de\/wp-content\/uploads\/2025\/11\/Holland-576x1024.jpg 576w, https:\/\/clifton-gaskamine.de\/wp-content\/uploads\/2025\/11\/Holland-768x1366.jpg 768w, https:\/\/clifton-gaskamine.de\/wp-content\/uploads\/2025\/11\/Holland-863x1536.jpg 863w, https:\/\/clifton-gaskamine.de\/wp-content\/uploads\/2025\/11\/Holland-scaled.jpg 1151w, https:\/\/clifton-gaskamine.de\/wp-content\/uploads\/2025\/11\/Holland-300x534.jpg 300w, https:\/\/clifton-gaskamine.de\/wp-content\/uploads\/2025\/11\/Holland-600x1067.jpg 600w\" sizes=\"auto, (max-width: 169px) 100vw, 169px\" \/><img loading=\"lazy\" decoding=\"async\" class=\"alignnone size-medium wp-image-7137\" src=\"https:\/\/clifton-gaskamine.de\/wp-content\/uploads\/2025\/11\/Kevin-225x300.jpeg\" alt=\"\" width=\"225\" height=\"300\" srcset=\"https:\/\/clifton-gaskamine.de\/wp-content\/uploads\/2025\/11\/Kevin-225x300.jpeg 225w, https:\/\/clifton-gaskamine.de\/wp-content\/uploads\/2025\/11\/Kevin-768x1024.jpeg 768w, https:\/\/clifton-gaskamine.de\/wp-content\/uploads\/2025\/11\/Kevin-1152x1536.jpeg 1152w, https:\/\/clifton-gaskamine.de\/wp-content\/uploads\/2025\/11\/Kevin-scaled.jpeg 1536w, https:\/\/clifton-gaskamine.de\/wp-content\/uploads\/2025\/11\/Kevin-300x400.jpeg 300w, https:\/\/clifton-gaskamine.de\/wp-content\/uploads\/2025\/11\/Kevin-600x800.jpeg 600w\" sizes=\"auto, (max-width: 225px) 100vw, 225px\" \/><\/p>\n","protected":false},"excerpt":{"rendered":"<p>Ersatz-Thermoelement f\u00fcr Outdoor-Gaskamine. Ausf\u00fchrung mit integrierter Starterflamme und Z\u00fcnder zur zuverl\u00e4ssigen Z\u00fcndung und Flammen\u00fcberwachung. Geeignet f\u00fcr Modelle mit 35 cm Leitungsl\u00e4nge.<\/p>\n","protected":false},"featured_media":0,"comment_status":"open","ping_status":"closed","template":"","meta":[],"product_brand":[],"product_cat":[139],"product_tag":[],"class_list":{"0":"post-7134","1":"product","2":"type-product","3":"status-publish","5":"product_cat-ersatzteile","7":"first","8":"instock","9":"taxable","10":"shipping-taxable","11":"purchasable","12":"product-type-simple"},"yoast_head":"<!-- This site is optimized with the Yoast SEO plugin v19.10 - https:\/\/yoast.com\/wordpress\/plugins\/seo\/ -->\n<title>Thermoelement inklusive Starterflamme und Z\u00fcnder 35cm - Clifton<\/title>\n<meta name=\"robots\" content=\"index, follow, max-snippet:-1, max-image-preview:large, max-video-preview:-1\" \/>\n<link rel=\"canonical\" href=\"https:\/\/clifton-gaskamine.de\/en\/shop\/thermoelement-inklusive-starterflamme-und-zuender-35cm\/\" \/>\n<meta property=\"og:locale\" content=\"en_US\" \/>\n<meta property=\"og:type\" content=\"article\" \/>\n<meta property=\"og:title\" content=\"Thermoelement inklusive Starterflamme und Z\u00fcnder 35cm - Clifton\" \/>\n<meta property=\"og:description\" content=\"Ersatz-Thermoelement f\u00fcr Outdoor-Gaskamine. Ausf\u00fchrung mit integrierter Starterflamme und Z\u00fcnder zur zuverl\u00e4ssigen Z\u00fcndung und Flammen\u00fcberwachung. Geeignet f\u00fcr Modelle mit 35 cm Leitungsl\u00e4nge.\" \/>\n<meta property=\"og:url\" content=\"https:\/\/clifton-gaskamine.de\/shop\/thermoelement-inklusive-starterflamme-und-zuender-35cm\/\" \/>\n<meta property=\"og:site_name\" content=\"Clifton\" \/>\n<meta property=\"article:modified_time\" content=\"2026-01-18T08:13:43+00:00\" \/>\n<meta property=\"og:image\" content=\"https:\/\/clifton-gaskamine.de\/wp-content\/uploads\/2025\/11\/Holland-169x300.jpg\" \/>\n<meta name=\"twitter:card\" content=\"summary_large_image\" \/>\n<meta name=\"twitter:label1\" content=\"Est. reading time\" \/>\n\t<meta name=\"twitter:data1\" content=\"1 minute\" \/>\n<script type=\"application\/ld+json\" class=\"yoast-schema-graph\">{\"@context\":\"https:\/\/schema.org\",\"@graph\":[{\"@type\":\"WebPage\",\"@id\":\"https:\/\/clifton-gaskamine.de\/shop\/thermoelement-inklusive-starterflamme-und-zuender-35cm\/\",\"url\":\"https:\/\/clifton-gaskamine.de\/shop\/thermoelement-inklusive-starterflamme-und-zuender-35cm\/\",\"name\":\"Thermoelement inklusive Starterflamme und Z\u00fcnder 35cm - Clifton\",\"isPartOf\":{\"@id\":\"https:\/\/clifton-gaskamine.de\/#website\"},\"datePublished\":\"2025-11-12T10:27:08+00:00\",\"dateModified\":\"2026-01-18T08:13:43+00:00\",\"breadcrumb\":{\"@id\":\"https:\/\/clifton-gaskamine.de\/shop\/thermoelement-inklusive-starterflamme-und-zuender-35cm\/#breadcrumb\"},\"inLanguage\":\"en-US\",\"potentialAction\":[{\"@type\":\"ReadAction\",\"target\":[\"https:\/\/clifton-gaskamine.de\/shop\/thermoelement-inklusive-starterflamme-und-zuender-35cm\/\"]}]},{\"@type\":\"BreadcrumbList\",\"@id\":\"https:\/\/clifton-gaskamine.de\/shop\/thermoelement-inklusive-starterflamme-und-zuender-35cm\/#breadcrumb\",\"itemListElement\":[{\"@type\":\"ListItem\",\"position\":1,\"name\":\"Startseite\",\"item\":\"https:\/\/clifton-gaskamine.de\/en\/\"},{\"@type\":\"ListItem\",\"position\":2,\"name\":\"Shop\",\"item\":\"https:\/\/clifton-gaskamine.de\/en\/shop\/\"},{\"@type\":\"ListItem\",\"position\":3,\"name\":\"Thermoelement inklusive Starterflamme und Z\u00fcnder 35cm\"}]},{\"@type\":\"WebSite\",\"@id\":\"https:\/\/clifton-gaskamine.de\/#website\",\"url\":\"https:\/\/clifton-gaskamine.de\/\",\"name\":\"Clifton\",\"description\":\"Outdoor Fires | Gaskamine\",\"potentialAction\":[{\"@type\":\"SearchAction\",\"target\":{\"@type\":\"EntryPoint\",\"urlTemplate\":\"https:\/\/clifton-gaskamine.de\/?s={search_term_string}\"},\"query-input\":\"required name=search_term_string\"}],\"inLanguage\":\"en-US\"}]}<\/script>\n<!-- \/ Yoast SEO plugin. -->","yoast_head_json":{"title":"Thermoelement inklusive Starterflamme und Z\u00fcnder 35cm - Clifton","robots":{"index":"index","follow":"follow","max-snippet":"max-snippet:-1","max-image-preview":"max-image-preview:large","max-video-preview":"max-video-preview:-1"},"canonical":"https:\/\/clifton-gaskamine.de\/en\/shop\/thermoelement-inklusive-starterflamme-und-zuender-35cm\/","og_locale":"en_US","og_type":"article","og_title":"Thermoelement inklusive Starterflamme und Z\u00fcnder 35cm - Clifton","og_description":"Ersatz-Thermoelement f\u00fcr Outdoor-Gaskamine. Ausf\u00fchrung mit integrierter Starterflamme und Z\u00fcnder zur zuverl\u00e4ssigen Z\u00fcndung und Flammen\u00fcberwachung. Geeignet f\u00fcr Modelle mit 35 cm Leitungsl\u00e4nge.","og_url":"https:\/\/clifton-gaskamine.de\/shop\/thermoelement-inklusive-starterflamme-und-zuender-35cm\/","og_site_name":"Clifton","article_modified_time":"2026-01-18T08:13:43+00:00","og_image":[{"url":"https:\/\/clifton-gaskamine.de\/wp-content\/uploads\/2025\/11\/Holland-169x300.jpg"}],"twitter_card":"summary_large_image","twitter_misc":{"Est. reading time":"1 minute"},"schema":{"@context":"https:\/\/schema.org","@graph":[{"@type":"WebPage","@id":"https:\/\/clifton-gaskamine.de\/shop\/thermoelement-inklusive-starterflamme-und-zuender-35cm\/","url":"https:\/\/clifton-gaskamine.de\/shop\/thermoelement-inklusive-starterflamme-und-zuender-35cm\/","name":"Thermoelement inklusive Starterflamme und Z\u00fcnder 35cm - Clifton","isPartOf":{"@id":"https:\/\/clifton-gaskamine.de\/#website"},"datePublished":"2025-11-12T10:27:08+00:00","dateModified":"2026-01-18T08:13:43+00:00","breadcrumb":{"@id":"https:\/\/clifton-gaskamine.de\/shop\/thermoelement-inklusive-starterflamme-und-zuender-35cm\/#breadcrumb"},"inLanguage":"en-US","potentialAction":[{"@type":"ReadAction","target":["https:\/\/clifton-gaskamine.de\/shop\/thermoelement-inklusive-starterflamme-und-zuender-35cm\/"]}]},{"@type":"BreadcrumbList","@id":"https:\/\/clifton-gaskamine.de\/shop\/thermoelement-inklusive-starterflamme-und-zuender-35cm\/#breadcrumb","itemListElement":[{"@type":"ListItem","position":1,"name":"Startseite","item":"https:\/\/clifton-gaskamine.de\/en\/"},{"@type":"ListItem","position":2,"name":"Shop","item":"https:\/\/clifton-gaskamine.de\/en\/shop\/"},{"@type":"ListItem","position":3,"name":"Thermoelement inklusive Starterflamme und Z\u00fcnder 35cm"}]},{"@type":"WebSite","@id":"https:\/\/clifton-gaskamine.de\/#website","url":"https:\/\/clifton-gaskamine.de\/","name":"Clifton","description":"Outdoor Fires | Gaskamine","potentialAction":[{"@type":"SearchAction","target":{"@type":"EntryPoint","urlTemplate":"https:\/\/clifton-gaskamine.de\/?s={search_term_string}"},"query-input":"required name=search_term_string"}],"inLanguage":"en-US"}]}},"_links":{"self":[{"href":"https:\/\/clifton-gaskamine.de\/en\/wp-json\/wp\/v2\/product\/7134","targetHints":{"allow":["GET"]}}],"collection":[{"href":"https:\/\/clifton-gaskamine.de\/en\/wp-json\/wp\/v2\/product"}],"about":[{"href":"https:\/\/clifton-gaskamine.de\/en\/wp-json\/wp\/v2\/types\/product"}],"replies":[{"embeddable":true,"href":"https:\/\/clifton-gaskamine.de\/en\/wp-json\/wp\/v2\/comments?post=7134"}],"version-history":[{"count":1,"href":"https:\/\/clifton-gaskamine.de\/en\/wp-json\/wp\/v2\/product\/7134\/revisions"}],"predecessor-version":[{"id":7141,"href":"https:\/\/clifton-gaskamine.de\/en\/wp-json\/wp\/v2\/product\/7134\/revisions\/7141"}],"wp:attachment":[{"href":"https:\/\/clifton-gaskamine.de\/en\/wp-json\/wp\/v2\/media?parent=7134"}],"wp:term":[{"taxonomy":"product_brand","embeddable":true,"href":"https:\/\/clifton-gaskamine.de\/en\/wp-json\/wp\/v2\/product_brand?post=7134"},{"taxonomy":"product_cat","embeddable":true,"href":"https:\/\/clifton-gaskamine.de\/en\/wp-json\/wp\/v2\/product_cat?post=7134"},{"taxonomy":"product_tag","embeddable":true,"href":"https:\/\/clifton-gaskamine.de\/en\/wp-json\/wp\/v2\/product_tag?post=7134"}],"curies":[{"name":"wp","href":"https:\/\/api.w.org\/{rel}","templated":true}]}}