{"id":7029,"date":"2023-10-30T13:43:45","date_gmt":"2023-10-30T12:43:45","guid":{"rendered":"https:\/\/clifton-gaskamine.de\/?post_type=product&#038;p=7029"},"modified":"2025-05-18T11:10:00","modified_gmt":"2025-05-18T09:10:00","slug":"compact-round-inklusive-zubehoer-verschiedene-farben","status":"publish","type":"product","link":"https:\/\/clifton-gaskamine.de\/en\/shop\/compact-round-inklusive-zubehoer-verschiedene-farben\/","title":{"rendered":"Compact Round inklusive Zubeh\u00f6r (verschiedene Farben)"},"content":{"rendered":"<p>Der Clifton Compact Round eignet sich durch seine schmale und runde Form besonders f\u00fcr kleinere Fl\u00e4chen im Au\u00dfenbereich.<\/p>\n<p>Auf dem Balkon oder kleinen Terrassen macht er garantiert eine gute Figur und sorgt f\u00fcr ein w\u00e4rmendes Kaminvergn\u00fcgen das ganze Jahr \u00fcber.<\/p>\n<p>Da jedes Produkt handbemalt ist, sind eventuelle Farbabweichungen m\u00f6glich.<\/p>\n","protected":false},"excerpt":{"rendered":"<p>Ma\u00dfe: \u00d8: 45cm x H: 64cm<br \/>\nGewicht: ca. 35kg<\/p>\n<p>Inklusive: Schutzh\u00fclle, Lavasteine, 2 x Holzscheite und Gasdruckregler und \u2013schlauch<br \/>\nWitterungsbest\u00e4ndiges und wasserabweisendes Gips-Keramikverbundmaterial<br \/>\nBrenner: Butan oder Propan, Brennleistung ca. 15kW<br \/>\nFlaschengr\u00f6\u00dfe bis 5kg Sch\u00fcttdichte<br \/>\nFlasche wird im Gaskamin untergebracht<br \/>\nInklusive: Schutzh\u00fclle, Lavasteine, Gasdruckregler und \u2013schlauch<\/p>\n","protected":false},"featured_media":6119,"comment_status":"open","ping_status":"closed","template":"","meta":[],"product_brand":[],"product_cat":[38],"product_tag":[],"class_list":{"0":"post-7029","1":"product","2":"type-product","3":"status-publish","4":"has-post-thumbnail","6":"product_cat-compact","7":"product_shipping_class-versandkostenfrei","9":"first","10":"instock","11":"taxable","12":"shipping-taxable","13":"purchasable","14":"product-type-variable"},"yoast_head":"<!-- This site is optimized with the Yoast SEO plugin v19.10 - https:\/\/yoast.com\/wordpress\/plugins\/seo\/ -->\n<title>Compact Round inklusive Zubeh\u00f6r (verschiedene Farben) - Clifton<\/title>\n<meta name=\"robots\" content=\"index, follow, max-snippet:-1, max-image-preview:large, max-video-preview:-1\" \/>\n<link rel=\"canonical\" href=\"https:\/\/clifton-gaskamine.de\/en\/shop\/compact-round-inklusive-zubehoer-verschiedene-farben\/\" \/>\n<meta property=\"og:locale\" content=\"en_US\" \/>\n<meta property=\"og:type\" content=\"article\" \/>\n<meta property=\"og:title\" content=\"Compact Round inklusive Zubeh\u00f6r (verschiedene Farben) - Clifton\" \/>\n<meta property=\"og:description\" content=\"Ma\u00dfe: \u00d8: 45cm x H: 64cm Gewicht: ca. 35kg  Inklusive: Schutzh\u00fclle, Lavasteine, 2 x Holzscheite und Gasdruckregler und \u2013schlauch Witterungsbest\u00e4ndiges und wasserabweisendes Gips-Keramikverbundmaterial Brenner: Butan oder Propan, Brennleistung ca. 15kW Flaschengr\u00f6\u00dfe bis 5kg Sch\u00fcttdichte Flasche wird im Gaskamin untergebracht Inklusive: Schutzh\u00fclle, Lavasteine, Gasdruckregler und \u2013schlauch\" \/>\n<meta property=\"og:url\" content=\"https:\/\/clifton-gaskamine.de\/shop\/compact-round-inklusive-zubehoer-verschiedene-farben\/\" \/>\n<meta property=\"og:site_name\" content=\"Clifton\" \/>\n<meta property=\"article:modified_time\" content=\"2025-05-18T09:10:00+00:00\" \/>\n<meta property=\"og:image\" content=\"https:\/\/clifton-gaskamine.de\/wp-content\/uploads\/2018\/11\/Clifton_Compact_Round_2021_hellgrau-1-1-3.jpg\" \/>\n\t<meta property=\"og:image:width\" content=\"1600\" \/>\n\t<meta property=\"og:image:height\" content=\"2000\" \/>\n\t<meta property=\"og:image:type\" content=\"image\/jpeg\" \/>\n<meta name=\"twitter:card\" content=\"summary_large_image\" \/>\n<meta name=\"twitter:label1\" content=\"Est. reading time\" \/>\n\t<meta name=\"twitter:data1\" content=\"1 minute\" \/>\n<script type=\"application\/ld+json\" class=\"yoast-schema-graph\">{\"@context\":\"https:\/\/schema.org\",\"@graph\":[{\"@type\":\"WebPage\",\"@id\":\"https:\/\/clifton-gaskamine.de\/shop\/compact-round-inklusive-zubehoer-verschiedene-farben\/\",\"url\":\"https:\/\/clifton-gaskamine.de\/shop\/compact-round-inklusive-zubehoer-verschiedene-farben\/\",\"name\":\"Compact Round inklusive Zubeh\u00f6r (verschiedene Farben) - Clifton\",\"isPartOf\":{\"@id\":\"https:\/\/clifton-gaskamine.de\/#website\"},\"datePublished\":\"2023-10-30T12:43:45+00:00\",\"dateModified\":\"2025-05-18T09:10:00+00:00\",\"breadcrumb\":{\"@id\":\"https:\/\/clifton-gaskamine.de\/shop\/compact-round-inklusive-zubehoer-verschiedene-farben\/#breadcrumb\"},\"inLanguage\":\"en-US\",\"potentialAction\":[{\"@type\":\"ReadAction\",\"target\":[\"https:\/\/clifton-gaskamine.de\/shop\/compact-round-inklusive-zubehoer-verschiedene-farben\/\"]}]},{\"@type\":\"BreadcrumbList\",\"@id\":\"https:\/\/clifton-gaskamine.de\/shop\/compact-round-inklusive-zubehoer-verschiedene-farben\/#breadcrumb\",\"itemListElement\":[{\"@type\":\"ListItem\",\"position\":1,\"name\":\"Startseite\",\"item\":\"https:\/\/clifton-gaskamine.de\/en\/\"},{\"@type\":\"ListItem\",\"position\":2,\"name\":\"Shop\",\"item\":\"https:\/\/clifton-gaskamine.de\/en\/shop\/\"},{\"@type\":\"ListItem\",\"position\":3,\"name\":\"Compact Round inklusive Zubeh\u00f6r (verschiedene Farben)\"}]},{\"@type\":\"WebSite\",\"@id\":\"https:\/\/clifton-gaskamine.de\/#website\",\"url\":\"https:\/\/clifton-gaskamine.de\/\",\"name\":\"Clifton\",\"description\":\"Outdoor Fires | Gaskamine\",\"potentialAction\":[{\"@type\":\"SearchAction\",\"target\":{\"@type\":\"EntryPoint\",\"urlTemplate\":\"https:\/\/clifton-gaskamine.de\/?s={search_term_string}\"},\"query-input\":\"required name=search_term_string\"}],\"inLanguage\":\"en-US\"}]}<\/script>\n<!-- \/ Yoast SEO plugin. -->","yoast_head_json":{"title":"Compact Round inklusive Zubeh\u00f6r (verschiedene Farben) - Clifton","robots":{"index":"index","follow":"follow","max-snippet":"max-snippet:-1","max-image-preview":"max-image-preview:large","max-video-preview":"max-video-preview:-1"},"canonical":"https:\/\/clifton-gaskamine.de\/en\/shop\/compact-round-inklusive-zubehoer-verschiedene-farben\/","og_locale":"en_US","og_type":"article","og_title":"Compact Round inklusive Zubeh\u00f6r (verschiedene Farben) - Clifton","og_description":"Ma\u00dfe: \u00d8: 45cm x H: 64cm Gewicht: ca. 35kg  Inklusive: Schutzh\u00fclle, Lavasteine, 2 x Holzscheite und Gasdruckregler und \u2013schlauch Witterungsbest\u00e4ndiges und wasserabweisendes Gips-Keramikverbundmaterial Brenner: Butan oder Propan, Brennleistung ca. 15kW Flaschengr\u00f6\u00dfe bis 5kg Sch\u00fcttdichte Flasche wird im Gaskamin untergebracht Inklusive: Schutzh\u00fclle, Lavasteine, Gasdruckregler und \u2013schlauch","og_url":"https:\/\/clifton-gaskamine.de\/shop\/compact-round-inklusive-zubehoer-verschiedene-farben\/","og_site_name":"Clifton","article_modified_time":"2025-05-18T09:10:00+00:00","og_image":[{"width":1600,"height":2000,"url":"https:\/\/clifton-gaskamine.de\/wp-content\/uploads\/2018\/11\/Clifton_Compact_Round_2021_hellgrau-1-1-3.jpg","type":"image\/jpeg"}],"twitter_card":"summary_large_image","twitter_misc":{"Est. reading time":"1 minute"},"schema":{"@context":"https:\/\/schema.org","@graph":[{"@type":"WebPage","@id":"https:\/\/clifton-gaskamine.de\/shop\/compact-round-inklusive-zubehoer-verschiedene-farben\/","url":"https:\/\/clifton-gaskamine.de\/shop\/compact-round-inklusive-zubehoer-verschiedene-farben\/","name":"Compact Round inklusive Zubeh\u00f6r (verschiedene Farben) - Clifton","isPartOf":{"@id":"https:\/\/clifton-gaskamine.de\/#website"},"datePublished":"2023-10-30T12:43:45+00:00","dateModified":"2025-05-18T09:10:00+00:00","breadcrumb":{"@id":"https:\/\/clifton-gaskamine.de\/shop\/compact-round-inklusive-zubehoer-verschiedene-farben\/#breadcrumb"},"inLanguage":"en-US","potentialAction":[{"@type":"ReadAction","target":["https:\/\/clifton-gaskamine.de\/shop\/compact-round-inklusive-zubehoer-verschiedene-farben\/"]}]},{"@type":"BreadcrumbList","@id":"https:\/\/clifton-gaskamine.de\/shop\/compact-round-inklusive-zubehoer-verschiedene-farben\/#breadcrumb","itemListElement":[{"@type":"ListItem","position":1,"name":"Startseite","item":"https:\/\/clifton-gaskamine.de\/en\/"},{"@type":"ListItem","position":2,"name":"Shop","item":"https:\/\/clifton-gaskamine.de\/en\/shop\/"},{"@type":"ListItem","position":3,"name":"Compact Round inklusive Zubeh\u00f6r (verschiedene Farben)"}]},{"@type":"WebSite","@id":"https:\/\/clifton-gaskamine.de\/#website","url":"https:\/\/clifton-gaskamine.de\/","name":"Clifton","description":"Outdoor Fires | Gaskamine","potentialAction":[{"@type":"SearchAction","target":{"@type":"EntryPoint","urlTemplate":"https:\/\/clifton-gaskamine.de\/?s={search_term_string}"},"query-input":"required name=search_term_string"}],"inLanguage":"en-US"}]}},"_links":{"self":[{"href":"https:\/\/clifton-gaskamine.de\/en\/wp-json\/wp\/v2\/product\/7029","targetHints":{"allow":["GET"]}}],"collection":[{"href":"https:\/\/clifton-gaskamine.de\/en\/wp-json\/wp\/v2\/product"}],"about":[{"href":"https:\/\/clifton-gaskamine.de\/en\/wp-json\/wp\/v2\/types\/product"}],"replies":[{"embeddable":true,"href":"https:\/\/clifton-gaskamine.de\/en\/wp-json\/wp\/v2\/comments?post=7029"}],"version-history":[{"count":1,"href":"https:\/\/clifton-gaskamine.de\/en\/wp-json\/wp\/v2\/product\/7029\/revisions"}],"predecessor-version":[{"id":7032,"href":"https:\/\/clifton-gaskamine.de\/en\/wp-json\/wp\/v2\/product\/7029\/revisions\/7032"}],"wp:featuredmedia":[{"embeddable":true,"href":"https:\/\/clifton-gaskamine.de\/en\/wp-json\/wp\/v2\/media\/6119"}],"wp:attachment":[{"href":"https:\/\/clifton-gaskamine.de\/en\/wp-json\/wp\/v2\/media?parent=7029"}],"wp:term":[{"taxonomy":"product_brand","embeddable":true,"href":"https:\/\/clifton-gaskamine.de\/en\/wp-json\/wp\/v2\/product_brand?post=7029"},{"taxonomy":"product_cat","embeddable":true,"href":"https:\/\/clifton-gaskamine.de\/en\/wp-json\/wp\/v2\/product_cat?post=7029"},{"taxonomy":"product_tag","embeddable":true,"href":"https:\/\/clifton-gaskamine.de\/en\/wp-json\/wp\/v2\/product_tag?post=7029"}],"curies":[{"name":"wp","href":"https:\/\/api.w.org\/{rel}","templated":true}]}}