{"id":7008,"date":"2023-10-26T13:53:03","date_gmt":"2023-10-26T11:53:03","guid":{"rendered":"https:\/\/clifton-gaskamine.de\/?post_type=product&#038;p=7008"},"modified":"2025-07-22T06:27:09","modified_gmt":"2025-07-22T04:27:09","slug":"tischkamin-table-square-verschiedene-farben","status":"publish","type":"product","link":"https:\/\/clifton-gaskamine.de\/en\/shop\/tischkamin-table-square-verschiedene-farben\/","title":{"rendered":"Tischkamin Table Square verschiedene Farben"},"content":{"rendered":"<ul class=\"a-unordered-list a-vertical a-spacing-mini\">\n<li class=\"a-spacing-mini\"><span class=\"a-list-item\">Der Clifton Tischkamin macht Ihren Gartentisch zu einem echten Hingucker. Das Flammenspiel des Tischkamins sorgt f\u00fcr Atmosph\u00e4re und Gem\u00fctlichkeit und l\u00e4dt zu entspannten Stunden im heimischen Garten, Balkon oder Terrasse ein.<\/span><\/li>\n<li class=\"a-spacing-mini\"><span class=\"a-list-item\">MA\u00dfE &amp; MATERIAL Table Square: L:18cm x B:18cm x H:31cm 4,3KG; Table Round: Ma\u00dfe: D: 18cm x H: 32,5cm 3,6 KG Gips-Keramik-Verbundmaterial<\/span><\/li>\n<li class=\"a-spacing-mini\"><span class=\"a-list-item\">EIGENSCHAFTEN nat\u00fcrliches Feuer; ca. 12 Stunden Brennzeit; einfache Handhabung; sicher, sauber, pflegeleicht; ohne l\u00e4stigen Funkenflug, Qualm oder Asche.<\/span><\/li>\n<li class=\"a-spacing-mini\"><span class=\"a-list-item\">BRENNER Butan oder Propan; Minigaskartuschen in fast allen Baum\u00e4rkten und Gartencentren erh\u00e4ltlich<\/span><\/li>\n<li class=\"a-spacing-mini\"><span class=\"a-list-item\">LIEFERUMFANG Tischkamin, Glasaufsatz und Glassteine<\/span><\/li>\n<\/ul>\n","protected":false},"excerpt":{"rendered":"<ul class=\"a-unordered-list a-vertical a-spacing-mini\">\n<li class=\"a-spacing-mini\"><span class=\"a-list-item\">Der Clifton Tischkamin macht Ihren Gartentisch zu einem echten Hingucker. Das Flammenspiel des Tischkamins sorgt f\u00fcr Atmosph\u00e4re und Gem\u00fctlichkeit und l\u00e4dt zu entspannten Stunden im heimischen Garten, Balkon oder Terrasse ein.<\/span><\/li>\n<li class=\"a-spacing-mini\"><span class=\"a-list-item\">MA\u00dfE &amp; MATERIAL Table Square: L:18cm x B:18cm x H:31cm 4,3KG; Table Round: Ma\u00dfe: D: 18cm x H: 32,5cm 3,6 KG Gips-Keramik-Verbundmaterial<\/span><\/li>\n<li class=\"a-spacing-mini\"><span class=\"a-list-item\">EIGENSCHAFTEN nat\u00fcrliches Feuer; ca. 12 Stunden Brennzeit; einfache Handhabung; sicher, sauber, pflegeleicht; ohne l\u00e4stigen Funkenflug, Qualm oder Asche.<\/span><\/li>\n<li class=\"a-spacing-mini\"><span class=\"a-list-item\">BRENNER Butan oder Propan; Minigaskartuschen in fast allen Baum\u00e4rkten und Gartencentren erh\u00e4ltlich<\/span><\/li>\n<li class=\"a-spacing-mini\"><span class=\"a-list-item\">LIEFERUMFANG Tischkamin, Glasaufsatz und Glassteine<\/span><\/li>\n<\/ul>\n","protected":false},"featured_media":7016,"comment_status":"open","ping_status":"closed","template":"","meta":[],"product_brand":[],"product_cat":[133],"product_tag":[],"class_list":{"0":"post-7008","1":"product","2":"type-product","3":"status-publish","4":"has-post-thumbnail","6":"product_cat-table-square","7":"product_shipping_class-versandkostenfrei","9":"first","10":"instock","11":"taxable","12":"shipping-taxable","13":"purchasable","14":"product-type-variable","15":"has-default-attributes"},"yoast_head":"<!-- This site is optimized with the Yoast SEO plugin v19.10 - https:\/\/yoast.com\/wordpress\/plugins\/seo\/ -->\n<title>Tischkamin Table Square verschiedene Farben - Clifton<\/title>\n<meta name=\"robots\" content=\"index, follow, max-snippet:-1, max-image-preview:large, max-video-preview:-1\" \/>\n<link rel=\"canonical\" href=\"https:\/\/clifton-gaskamine.de\/en\/shop\/tischkamin-table-square-verschiedene-farben\/\" \/>\n<meta property=\"og:locale\" content=\"en_US\" \/>\n<meta property=\"og:type\" content=\"article\" \/>\n<meta property=\"og:title\" content=\"Tischkamin Table Square verschiedene Farben - Clifton\" \/>\n<meta property=\"og:description\" content=\"Der Clifton Tischkamin macht Ihren Gartentisch zu einem echten Hingucker. Das Flammenspiel des Tischkamins sorgt f\u00fcr Atmosph\u00e4re und Gem\u00fctlichkeit und l\u00e4dt zu entspannten Stunden im heimischen Garten, Balkon oder Terrasse ein.  MA\u00dfE &amp; MATERIAL Table Square: L:18cm x B:18cm x H:31cm 4,3KG; Table Round: Ma\u00dfe: D: 18cm x H: 32,5cm 3,6 KG Gips-Keramik-Verbundmaterial  EIGENSCHAFTEN nat\u00fcrliches Feuer; ca. 12 Stunden Brennzeit; einfache Handhabung; sicher, sauber, pflegeleicht; ohne l\u00e4stigen Funkenflug, Qualm oder Asche.  BRENNER Butan oder Propan; Minigaskartuschen in fast allen Baum\u00e4rkten und Gartencentren erh\u00e4ltlich  LIEFERUMFANG Tischkamin, Glasaufsatz und Glassteine\" \/>\n<meta property=\"og:url\" content=\"https:\/\/clifton-gaskamine.de\/shop\/tischkamin-table-square-verschiedene-farben\/\" \/>\n<meta property=\"og:site_name\" content=\"Clifton\" \/>\n<meta property=\"article:modified_time\" content=\"2025-07-22T04:27:09+00:00\" \/>\n<meta property=\"og:image\" content=\"https:\/\/clifton-gaskamine.de\/wp-content\/uploads\/2023\/10\/Clifton_Table_Square_slate_.jpg\" \/>\n\t<meta property=\"og:image:width\" content=\"886\" \/>\n\t<meta property=\"og:image:height\" content=\"886\" \/>\n\t<meta property=\"og:image:type\" content=\"image\/jpeg\" \/>\n<meta name=\"twitter:card\" content=\"summary_large_image\" \/>\n<meta name=\"twitter:label1\" content=\"Est. reading time\" \/>\n\t<meta name=\"twitter:data1\" content=\"1 minute\" \/>\n<script type=\"application\/ld+json\" class=\"yoast-schema-graph\">{\"@context\":\"https:\/\/schema.org\",\"@graph\":[{\"@type\":\"WebPage\",\"@id\":\"https:\/\/clifton-gaskamine.de\/shop\/tischkamin-table-square-verschiedene-farben\/\",\"url\":\"https:\/\/clifton-gaskamine.de\/shop\/tischkamin-table-square-verschiedene-farben\/\",\"name\":\"Tischkamin Table Square verschiedene Farben - Clifton\",\"isPartOf\":{\"@id\":\"https:\/\/clifton-gaskamine.de\/#website\"},\"datePublished\":\"2023-10-26T11:53:03+00:00\",\"dateModified\":\"2025-07-22T04:27:09+00:00\",\"breadcrumb\":{\"@id\":\"https:\/\/clifton-gaskamine.de\/shop\/tischkamin-table-square-verschiedene-farben\/#breadcrumb\"},\"inLanguage\":\"en-US\",\"potentialAction\":[{\"@type\":\"ReadAction\",\"target\":[\"https:\/\/clifton-gaskamine.de\/shop\/tischkamin-table-square-verschiedene-farben\/\"]}]},{\"@type\":\"BreadcrumbList\",\"@id\":\"https:\/\/clifton-gaskamine.de\/shop\/tischkamin-table-square-verschiedene-farben\/#breadcrumb\",\"itemListElement\":[{\"@type\":\"ListItem\",\"position\":1,\"name\":\"Startseite\",\"item\":\"https:\/\/clifton-gaskamine.de\/en\/\"},{\"@type\":\"ListItem\",\"position\":2,\"name\":\"Shop\",\"item\":\"https:\/\/clifton-gaskamine.de\/en\/shop\/\"},{\"@type\":\"ListItem\",\"position\":3,\"name\":\"Tischkamin Table Square verschiedene Farben\"}]},{\"@type\":\"WebSite\",\"@id\":\"https:\/\/clifton-gaskamine.de\/#website\",\"url\":\"https:\/\/clifton-gaskamine.de\/\",\"name\":\"Clifton\",\"description\":\"Outdoor Fires | Gaskamine\",\"potentialAction\":[{\"@type\":\"SearchAction\",\"target\":{\"@type\":\"EntryPoint\",\"urlTemplate\":\"https:\/\/clifton-gaskamine.de\/?s={search_term_string}\"},\"query-input\":\"required name=search_term_string\"}],\"inLanguage\":\"en-US\"}]}<\/script>\n<!-- \/ Yoast SEO plugin. -->","yoast_head_json":{"title":"Tischkamin Table Square verschiedene Farben - Clifton","robots":{"index":"index","follow":"follow","max-snippet":"max-snippet:-1","max-image-preview":"max-image-preview:large","max-video-preview":"max-video-preview:-1"},"canonical":"https:\/\/clifton-gaskamine.de\/en\/shop\/tischkamin-table-square-verschiedene-farben\/","og_locale":"en_US","og_type":"article","og_title":"Tischkamin Table Square verschiedene Farben - Clifton","og_description":"Der Clifton Tischkamin macht Ihren Gartentisch zu einem echten Hingucker. Das Flammenspiel des Tischkamins sorgt f\u00fcr Atmosph\u00e4re und Gem\u00fctlichkeit und l\u00e4dt zu entspannten Stunden im heimischen Garten, Balkon oder Terrasse ein.  MA\u00dfE &amp; MATERIAL Table Square: L:18cm x B:18cm x H:31cm 4,3KG; Table Round: Ma\u00dfe: D: 18cm x H: 32,5cm 3,6 KG Gips-Keramik-Verbundmaterial  EIGENSCHAFTEN nat\u00fcrliches Feuer; ca. 12 Stunden Brennzeit; einfache Handhabung; sicher, sauber, pflegeleicht; ohne l\u00e4stigen Funkenflug, Qualm oder Asche.  BRENNER Butan oder Propan; Minigaskartuschen in fast allen Baum\u00e4rkten und Gartencentren erh\u00e4ltlich  LIEFERUMFANG Tischkamin, Glasaufsatz und Glassteine","og_url":"https:\/\/clifton-gaskamine.de\/shop\/tischkamin-table-square-verschiedene-farben\/","og_site_name":"Clifton","article_modified_time":"2025-07-22T04:27:09+00:00","og_image":[{"width":886,"height":886,"url":"https:\/\/clifton-gaskamine.de\/wp-content\/uploads\/2023\/10\/Clifton_Table_Square_slate_.jpg","type":"image\/jpeg"}],"twitter_card":"summary_large_image","twitter_misc":{"Est. reading time":"1 minute"},"schema":{"@context":"https:\/\/schema.org","@graph":[{"@type":"WebPage","@id":"https:\/\/clifton-gaskamine.de\/shop\/tischkamin-table-square-verschiedene-farben\/","url":"https:\/\/clifton-gaskamine.de\/shop\/tischkamin-table-square-verschiedene-farben\/","name":"Tischkamin Table Square verschiedene Farben - Clifton","isPartOf":{"@id":"https:\/\/clifton-gaskamine.de\/#website"},"datePublished":"2023-10-26T11:53:03+00:00","dateModified":"2025-07-22T04:27:09+00:00","breadcrumb":{"@id":"https:\/\/clifton-gaskamine.de\/shop\/tischkamin-table-square-verschiedene-farben\/#breadcrumb"},"inLanguage":"en-US","potentialAction":[{"@type":"ReadAction","target":["https:\/\/clifton-gaskamine.de\/shop\/tischkamin-table-square-verschiedene-farben\/"]}]},{"@type":"BreadcrumbList","@id":"https:\/\/clifton-gaskamine.de\/shop\/tischkamin-table-square-verschiedene-farben\/#breadcrumb","itemListElement":[{"@type":"ListItem","position":1,"name":"Startseite","item":"https:\/\/clifton-gaskamine.de\/en\/"},{"@type":"ListItem","position":2,"name":"Shop","item":"https:\/\/clifton-gaskamine.de\/en\/shop\/"},{"@type":"ListItem","position":3,"name":"Tischkamin Table Square verschiedene Farben"}]},{"@type":"WebSite","@id":"https:\/\/clifton-gaskamine.de\/#website","url":"https:\/\/clifton-gaskamine.de\/","name":"Clifton","description":"Outdoor Fires | Gaskamine","potentialAction":[{"@type":"SearchAction","target":{"@type":"EntryPoint","urlTemplate":"https:\/\/clifton-gaskamine.de\/?s={search_term_string}"},"query-input":"required name=search_term_string"}],"inLanguage":"en-US"}]}},"_links":{"self":[{"href":"https:\/\/clifton-gaskamine.de\/en\/wp-json\/wp\/v2\/product\/7008","targetHints":{"allow":["GET"]}}],"collection":[{"href":"https:\/\/clifton-gaskamine.de\/en\/wp-json\/wp\/v2\/product"}],"about":[{"href":"https:\/\/clifton-gaskamine.de\/en\/wp-json\/wp\/v2\/types\/product"}],"replies":[{"embeddable":true,"href":"https:\/\/clifton-gaskamine.de\/en\/wp-json\/wp\/v2\/comments?post=7008"}],"version-history":[{"count":1,"href":"https:\/\/clifton-gaskamine.de\/en\/wp-json\/wp\/v2\/product\/7008\/revisions"}],"predecessor-version":[{"id":7021,"href":"https:\/\/clifton-gaskamine.de\/en\/wp-json\/wp\/v2\/product\/7008\/revisions\/7021"}],"wp:featuredmedia":[{"embeddable":true,"href":"https:\/\/clifton-gaskamine.de\/en\/wp-json\/wp\/v2\/media\/7016"}],"wp:attachment":[{"href":"https:\/\/clifton-gaskamine.de\/en\/wp-json\/wp\/v2\/media?parent=7008"}],"wp:term":[{"taxonomy":"product_brand","embeddable":true,"href":"https:\/\/clifton-gaskamine.de\/en\/wp-json\/wp\/v2\/product_brand?post=7008"},{"taxonomy":"product_cat","embeddable":true,"href":"https:\/\/clifton-gaskamine.de\/en\/wp-json\/wp\/v2\/product_cat?post=7008"},{"taxonomy":"product_tag","embeddable":true,"href":"https:\/\/clifton-gaskamine.de\/en\/wp-json\/wp\/v2\/product_tag?post=7008"}],"curies":[{"name":"wp","href":"https:\/\/api.w.org\/{rel}","templated":true}]}}