{"id":6438,"date":"2021-08-23T16:59:02","date_gmt":"2021-08-23T14:59:02","guid":{"rendered":"https:\/\/www.clifton-gaskamine.de\/?post_type=product&#038;p=6438"},"modified":"2024-11-06T12:02:26","modified_gmt":"2024-11-06T11:02:26","slug":"compact-lounge-lime","status":"publish","type":"product","link":"https:\/\/clifton-gaskamine.de\/en\/shop\/compact-lounge-lime\/","title":{"rendered":"Compact Lounge Lime"},"content":{"rendered":"<p>Das Modell \u201cCompact Lounge Table\u201d macht Ihre Loungeecke zu einem echten Hingucker. Mit nat\u00fcrlichem Feuer auf Sitzh\u00f6he bietet der Compact Lounge Table nicht nur wohlige W\u00e4rme von unten aufgrund des niedrigen Brenners, sondern dient zeitgleich auch noch als Tisch und Abstellm\u00f6glichkeit f\u00fcr Essen und Getr\u00e4nke<\/p>\n","protected":false},"excerpt":{"rendered":"<div class=\"woocommerce-product-details__short-description\">\n<p>Ma\u00dfe: L 112cm x B 67cm x H 57cm<\/p>\n<p>Gewicht: ca. 44Kg<\/p>\n<p>Nat\u00fcrliches Feuer auf Lounge-H\u00f6he<br \/>\nEinfache Handhabung<br \/>\nSicher, sauber, pflegeleicht<br \/>\nOhne l\u00e4stigen Funkenflug, Qualm, Asche<br \/>\nGanzj\u00e4hrig einsetzbar<br \/>\nw\u00e4rmende und regulierbare Flammen<br \/>\nauch f\u00fcr \u00fcberdachte Terrassen und Balkone<br \/>\nkeine externe Lagerung der Gasflasche<br \/>\nTechnische Daten:<br \/>\nBrenner: Butan oder Propan<br \/>\nBrennleistung: 15kW<br \/>\nFlaschengr\u00f6\u00dfe: max. H: 48 x \u00d830 cm, Flaschen bis 8 Kg<\/p>\n<\/div>\n","protected":false},"featured_media":6439,"comment_status":"open","ping_status":"closed","template":"","meta":[],"product_brand":[],"product_cat":[129],"product_tag":[],"class_list":{"0":"post-6438","1":"product","2":"type-product","3":"status-publish","4":"has-post-thumbnail","6":"product_cat-compact-lounge","8":"first","9":"outofstock","10":"taxable","11":"shipping-taxable","12":"purchasable","13":"product-type-simple"},"yoast_head":"<!-- This site is optimized with the Yoast SEO plugin v19.10 - https:\/\/yoast.com\/wordpress\/plugins\/seo\/ -->\n<title>Compact Lounge Lime - Clifton<\/title>\n<meta name=\"robots\" content=\"index, follow, max-snippet:-1, max-image-preview:large, max-video-preview:-1\" \/>\n<link rel=\"canonical\" href=\"https:\/\/clifton-gaskamine.de\/en\/shop\/compact-lounge-lime\/\" \/>\n<meta property=\"og:locale\" content=\"en_US\" \/>\n<meta property=\"og:type\" content=\"article\" \/>\n<meta property=\"og:title\" content=\"Compact Lounge Lime - Clifton\" \/>\n<meta property=\"og:description\" content=\"Ma\u00dfe: L 112cm x B 67cm x H 57cm  Gewicht: ca. 44Kg  Nat\u00fcrliches Feuer auf Lounge-H\u00f6he Einfache Handhabung Sicher, sauber, pflegeleicht Ohne l\u00e4stigen Funkenflug, Qualm, Asche Ganzj\u00e4hrig einsetzbar w\u00e4rmende und regulierbare Flammen auch f\u00fcr \u00fcberdachte Terrassen und Balkone keine externe Lagerung der Gasflasche Technische Daten: Brenner: Butan oder Propan Brennleistung: 15kW Flaschengr\u00f6\u00dfe: max. H: 48 x \u00d830 cm, Flaschen bis 8 Kg\" \/>\n<meta property=\"og:url\" content=\"https:\/\/clifton-gaskamine.de\/shop\/compact-lounge-lime\/\" \/>\n<meta property=\"og:site_name\" content=\"Clifton\" \/>\n<meta property=\"article:modified_time\" content=\"2024-11-06T11:02:26+00:00\" \/>\n<meta property=\"og:image\" content=\"https:\/\/clifton-gaskamine.de\/wp-content\/uploads\/2021\/08\/Compact-Lounge-Lime-4-scaled.jpg\" \/>\n\t<meta property=\"og:image:width\" content=\"2048\" \/>\n\t<meta property=\"og:image:height\" content=\"1365\" \/>\n\t<meta property=\"og:image:type\" content=\"image\/jpeg\" \/>\n<meta name=\"twitter:card\" content=\"summary_large_image\" \/>\n<meta name=\"twitter:label1\" content=\"Est. reading time\" \/>\n\t<meta name=\"twitter:data1\" content=\"1 minute\" \/>\n<script type=\"application\/ld+json\" class=\"yoast-schema-graph\">{\"@context\":\"https:\/\/schema.org\",\"@graph\":[{\"@type\":\"WebPage\",\"@id\":\"https:\/\/clifton-gaskamine.de\/shop\/compact-lounge-lime\/\",\"url\":\"https:\/\/clifton-gaskamine.de\/shop\/compact-lounge-lime\/\",\"name\":\"Compact Lounge Lime - Clifton\",\"isPartOf\":{\"@id\":\"https:\/\/clifton-gaskamine.de\/#website\"},\"datePublished\":\"2021-08-23T14:59:02+00:00\",\"dateModified\":\"2024-11-06T11:02:26+00:00\",\"breadcrumb\":{\"@id\":\"https:\/\/clifton-gaskamine.de\/shop\/compact-lounge-lime\/#breadcrumb\"},\"inLanguage\":\"en-US\",\"potentialAction\":[{\"@type\":\"ReadAction\",\"target\":[\"https:\/\/clifton-gaskamine.de\/shop\/compact-lounge-lime\/\"]}]},{\"@type\":\"BreadcrumbList\",\"@id\":\"https:\/\/clifton-gaskamine.de\/shop\/compact-lounge-lime\/#breadcrumb\",\"itemListElement\":[{\"@type\":\"ListItem\",\"position\":1,\"name\":\"Startseite\",\"item\":\"https:\/\/clifton-gaskamine.de\/en\/\"},{\"@type\":\"ListItem\",\"position\":2,\"name\":\"Shop\",\"item\":\"https:\/\/clifton-gaskamine.de\/en\/shop\/\"},{\"@type\":\"ListItem\",\"position\":3,\"name\":\"Compact Lounge Lime\"}]},{\"@type\":\"WebSite\",\"@id\":\"https:\/\/clifton-gaskamine.de\/#website\",\"url\":\"https:\/\/clifton-gaskamine.de\/\",\"name\":\"Clifton\",\"description\":\"Outdoor Fires | Gaskamine\",\"potentialAction\":[{\"@type\":\"SearchAction\",\"target\":{\"@type\":\"EntryPoint\",\"urlTemplate\":\"https:\/\/clifton-gaskamine.de\/?s={search_term_string}\"},\"query-input\":\"required name=search_term_string\"}],\"inLanguage\":\"en-US\"}]}<\/script>\n<!-- \/ Yoast SEO plugin. -->","yoast_head_json":{"title":"Compact Lounge Lime - Clifton","robots":{"index":"index","follow":"follow","max-snippet":"max-snippet:-1","max-image-preview":"max-image-preview:large","max-video-preview":"max-video-preview:-1"},"canonical":"https:\/\/clifton-gaskamine.de\/en\/shop\/compact-lounge-lime\/","og_locale":"en_US","og_type":"article","og_title":"Compact Lounge Lime - Clifton","og_description":"Ma\u00dfe: L 112cm x B 67cm x H 57cm  Gewicht: ca. 44Kg  Nat\u00fcrliches Feuer auf Lounge-H\u00f6he Einfache Handhabung Sicher, sauber, pflegeleicht Ohne l\u00e4stigen Funkenflug, Qualm, Asche Ganzj\u00e4hrig einsetzbar w\u00e4rmende und regulierbare Flammen auch f\u00fcr \u00fcberdachte Terrassen und Balkone keine externe Lagerung der Gasflasche Technische Daten: Brenner: Butan oder Propan Brennleistung: 15kW Flaschengr\u00f6\u00dfe: max. H: 48 x \u00d830 cm, Flaschen bis 8 Kg","og_url":"https:\/\/clifton-gaskamine.de\/shop\/compact-lounge-lime\/","og_site_name":"Clifton","article_modified_time":"2024-11-06T11:02:26+00:00","og_image":[{"width":2048,"height":1365,"url":"https:\/\/clifton-gaskamine.de\/wp-content\/uploads\/2021\/08\/Compact-Lounge-Lime-4-scaled.jpg","type":"image\/jpeg"}],"twitter_card":"summary_large_image","twitter_misc":{"Est. reading time":"1 minute"},"schema":{"@context":"https:\/\/schema.org","@graph":[{"@type":"WebPage","@id":"https:\/\/clifton-gaskamine.de\/shop\/compact-lounge-lime\/","url":"https:\/\/clifton-gaskamine.de\/shop\/compact-lounge-lime\/","name":"Compact Lounge Lime - Clifton","isPartOf":{"@id":"https:\/\/clifton-gaskamine.de\/#website"},"datePublished":"2021-08-23T14:59:02+00:00","dateModified":"2024-11-06T11:02:26+00:00","breadcrumb":{"@id":"https:\/\/clifton-gaskamine.de\/shop\/compact-lounge-lime\/#breadcrumb"},"inLanguage":"en-US","potentialAction":[{"@type":"ReadAction","target":["https:\/\/clifton-gaskamine.de\/shop\/compact-lounge-lime\/"]}]},{"@type":"BreadcrumbList","@id":"https:\/\/clifton-gaskamine.de\/shop\/compact-lounge-lime\/#breadcrumb","itemListElement":[{"@type":"ListItem","position":1,"name":"Startseite","item":"https:\/\/clifton-gaskamine.de\/en\/"},{"@type":"ListItem","position":2,"name":"Shop","item":"https:\/\/clifton-gaskamine.de\/en\/shop\/"},{"@type":"ListItem","position":3,"name":"Compact Lounge Lime"}]},{"@type":"WebSite","@id":"https:\/\/clifton-gaskamine.de\/#website","url":"https:\/\/clifton-gaskamine.de\/","name":"Clifton","description":"Outdoor Fires | Gaskamine","potentialAction":[{"@type":"SearchAction","target":{"@type":"EntryPoint","urlTemplate":"https:\/\/clifton-gaskamine.de\/?s={search_term_string}"},"query-input":"required name=search_term_string"}],"inLanguage":"en-US"}]}},"_links":{"self":[{"href":"https:\/\/clifton-gaskamine.de\/en\/wp-json\/wp\/v2\/product\/6438","targetHints":{"allow":["GET"]}}],"collection":[{"href":"https:\/\/clifton-gaskamine.de\/en\/wp-json\/wp\/v2\/product"}],"about":[{"href":"https:\/\/clifton-gaskamine.de\/en\/wp-json\/wp\/v2\/types\/product"}],"replies":[{"embeddable":true,"href":"https:\/\/clifton-gaskamine.de\/en\/wp-json\/wp\/v2\/comments?post=6438"}],"version-history":[{"count":3,"href":"https:\/\/clifton-gaskamine.de\/en\/wp-json\/wp\/v2\/product\/6438\/revisions"}],"predecessor-version":[{"id":6487,"href":"https:\/\/clifton-gaskamine.de\/en\/wp-json\/wp\/v2\/product\/6438\/revisions\/6487"}],"wp:featuredmedia":[{"embeddable":true,"href":"https:\/\/clifton-gaskamine.de\/en\/wp-json\/wp\/v2\/media\/6439"}],"wp:attachment":[{"href":"https:\/\/clifton-gaskamine.de\/en\/wp-json\/wp\/v2\/media?parent=6438"}],"wp:term":[{"taxonomy":"product_brand","embeddable":true,"href":"https:\/\/clifton-gaskamine.de\/en\/wp-json\/wp\/v2\/product_brand?post=6438"},{"taxonomy":"product_cat","embeddable":true,"href":"https:\/\/clifton-gaskamine.de\/en\/wp-json\/wp\/v2\/product_cat?post=6438"},{"taxonomy":"product_tag","embeddable":true,"href":"https:\/\/clifton-gaskamine.de\/en\/wp-json\/wp\/v2\/product_tag?post=6438"}],"curies":[{"name":"wp","href":"https:\/\/api.w.org\/{rel}","templated":true}]}}